{"id":5370,"date":"2015-10-11T22:30:10","date_gmt":"2015-10-11T22:30:10","guid":{"rendered":"http:\/\/www.rigaiff.lv\/2015\/?page_id=5370"},"modified":"2016-09-16T17:58:09","modified_gmt":"2016-09-16T17:58:09","slug":"abonementu-nosacijumi","status":"publish","type":"page","link":"https:\/\/2016.rigaiff.lv\/lv\/abonementu-nosacijumi\/","title":{"rendered":"R\u012bgas Starptautisk\u0101 Kino Festiv\u0101la (RIGA IFF) abonementu nosac\u012bjumi"},"content":{"rendered":"<p>\u0160ie nosac\u012bjumu attiecas uz katru, kur\u0161 ir ieg\u0101d\u0101jies Riga IFF abonementu. Abonementa \u012bpa\u0161nieka pien\u0101kums ir ar noteikumiem iepaz\u012bties.<\/p>\n<ul>\n<li>RIGA IFF ABONEMENTU var ieg\u0101d\u0101ties <a href=\"http:\/\/www.rigaiff.lv\">www.rigaiff.lv<\/a> vai Bi\u013ce\u0161u Serviss tirdzniec\u012bbas viet\u0101s, t.sk. <a href=\"http:\/\/www.bilesuserviss.lv\">www.bilesuserviss.lv<\/a>.<\/li>\n<li>Ar RIGA IFF ABONEMENTU iesp\u0113jams apmekl\u0113t J\u016bsu izv\u0113l\u0113tos seansus, ja sekosiet l\u012bdzi \u0161iem nosac\u012bjumiem un ieteikumiem.<\/li>\n<li>ABONEMENTAM tiek pie\u0161\u0137irts unik\u0101ls ATLAIDES KODS, kuru b\u016bs j\u0101izmanto, izv\u0113loties seansus. ATLAIDES KODS atrodas uz J\u016bsu bi\u013cetes un sast\u0101v no 8 (asto\u0146iem) cipariem.<\/li>\n<li>Uz katru seansu Jums ir iesp\u0113ja iz\u0146emt vienu bi\u013ceti.<\/li>\n<li>Iz\u0146emt bi\u013cetes uz seansiem b\u016bs iesp\u0113jams no 27.septembra l\u012bdz 23.oktobrim (ieskaitot).<\/li>\n<li>Lai pieteiktos uz seansiem, ko v\u0113laties apmekl\u0113t, Jums:<\/li>\n<\/ul>\n<ul>\n<ul>\n<li>j\u0101dodas uz <a href=\"http:\/\/www.rigaiff.lv\">www.rigaiff.lv<\/a>;<\/li>\n<li>j\u0101izv\u0113las seanss\/-i, ko v\u0113laties apmekl\u0113t;<\/li>\n<li>j\u0101spie\u017e PIRKT;<\/li>\n<li>j\u0101ievada J\u016bsu ATLAIDES KODS un j\u0101spie\u017e APSTIPRIN\u0100T;<\/li>\n<li>j\u0101pievieno grozam 1 bi\u013ceti;<\/li>\n<\/ul>\n<\/ul>\n<ul>\n<ul>\n<li>ja v\u0113laties izv\u0113l\u0113ties v\u0113l bi\u013cetes uz citiem seansiem (vien\u0101 reiz\u0113 iesp\u0113jams izv\u0113l\u0113ties vair\u0101kus seansus), tad j\u0101izv\u0113las n\u0101kamo v\u0113lamo seansu un atk\u0101rtoti j\u0101pievieno bi\u013cete grozam (iepriek\u0161 ievad\u012btais kods jau b\u016bs akt\u012bvs);<\/li>\n<li>kad esat izv\u0113l\u0113jies v\u0113lamos seansus, spiediet APSTIPRIN\u0100T VISU;<\/li>\n<li>re\u0123istr\u0113\u0161an\u0101s nav oblig\u0101ta, bet, ja v\u0113laties pa\u0101trin\u0101t procesu n\u0101kamaj\u0101 reiz\u0113, Jums j\u0101piere\u0123istr\u0113jas, sist\u0113m\u0101 ievadot V\u0101rdu, Uzv\u0101rdu, e-pasta adresi;<\/li>\n<li>izv\u0113lieties pieg\u0101des veidu un spiediet TURPIN\u0100T;<\/li>\n<li>p\u0101rskatiet izv\u0113l\u0113tos seansus un p\u0101rliecinieties, ka bi\u013ce\u0161u summa ir 0,00 \u20ac;<\/li>\n<li>spiediet APMAKS\u0100T;<\/li>\n<li>seansu bi\u013cetes sa\u0146emsiet uz savu nor\u0101d\u012bto e-pasta adresi.<\/li>\n<\/ul>\n<\/ul>\n<ul>\n<li>Iesak\u0101m izv\u0113l\u0113ties seansus p\u0113c iesp\u0113jas laic\u012bg\u0101k, lai nenon\u0101ktu situ\u0101cij\u0101, kad visas bi\u013cetes uz seansu jau ir p\u0101rdotas.<\/li>\n<li>ABONEMENTA nozaud\u0113\u0161anas gad\u012bjum\u0101 l\u016bdzam v\u0113rsties <a href=\"http:\/\/www.bilesuserviss.lv\">www.bilesuserviss.lv<\/a> vai Riga IFF INFO centr\u0101.\n<ul>\n<li>Info centra darba laiks darbadien\u0101s 12:00 &#8211; 22:00, br\u012bvdien\u0101s 10:00 &#8211; 22:00.<\/li>\n<\/ul>\n<\/li>\n<\/ul>\n<p><strong><br \/>\nJa ir jaut\u0101jumi, sazin\u0101ties ar <a href=\"mailto:admissions@rigaiff.lv\">admissions@rigaiff.lv<\/a> <\/strong><\/p>","protected":false},"excerpt":{"rendered":"<p>\u0160ie nosac\u012bjumu attiecas uz katru, kur\u0161 ir ieg\u0101d\u0101jies Riga IFF abonementu. Abonementa \u012bpa\u0161nieka pien\u0101kums ir ar noteikumiem iepaz\u012bties. RIGA IFF ABONEMENTU var ieg\u0101d\u0101ties www.rigaiff.lv vai Bi\u013ce\u0161u Serviss tirdzniec\u012bbas viet\u0101s, t.sk. www.bilesuserviss.lv. Ar RIGA IFF ABONEMENTU iesp\u0113jams apmekl\u0113t J\u016bsu izv\u0113l\u0113tos seansus, ja sekosiet l\u012bdzi \u0161iem nosac\u012bjumiem un ieteikumiem. ABONEMENTAM tiek pie\u0161\u0137irts unik\u0101ls ATLAIDES KODS, kuru b\u016bs j\u0101izmanto, izv\u0113loties seansus. ATLAIDES KODS atrodas uz J\u016bsu bi\u013cetes un sast\u0101v no 8 (asto\u0146iem) cipariem. Uz katru seansu Jums ir iesp\u0113ja iz\u0146emt vienu bi\u013ceti. Iz\u0146emt bi\u013cetes uz seansiem b\u016bs iesp\u0113jams no 27.septembra l\u012bdz 23.oktobrim (ieskaitot). Lai pieteiktos uz seansiem, ko v\u0113laties apmekl\u0113t, Jums: j\u0101dodas uz www.rigaiff.lv; j\u0101izv\u0113las seanss\/-i, ko v\u0113laties apmekl\u0113t; j\u0101spie\u017e PIRKT; j\u0101ievada J\u016bsu ATLAIDES KODS un j\u0101spie\u017e APSTIPRIN\u0100T; j\u0101pievieno grozam 1 bi\u013ceti; ja v\u0113laties izv\u0113l\u0113ties v\u0113l bi\u013cetes uz citiem seansiem (vien\u0101 reiz\u0113 iesp\u0113jams izv\u0113l\u0113ties vair\u0101kus seansus), tad j\u0101izv\u0113las n\u0101kamo v\u0113lamo seansu un atk\u0101rtoti j\u0101pievieno bi\u013cete grozam (iepriek\u0161 ievad\u012btais kods jau b\u016bs akt\u012bvs); kad esat izv\u0113l\u0113jies v\u0113lamos seansus, spiediet APSTIPRIN\u0100T VISU; re\u0123istr\u0113\u0161an\u0101s nav oblig\u0101ta, bet, ja v\u0113laties pa\u0101trin\u0101t procesu n\u0101kamaj\u0101 reiz\u0113, Jums j\u0101piere\u0123istr\u0113jas, sist\u0113m\u0101 ievadot V\u0101rdu, Uzv\u0101rdu, e-pasta adresi; izv\u0113lieties pieg\u0101des veidu un spiediet TURPIN\u0100T; p\u0101rskatiet izv\u0113l\u0113tos seansus un p\u0101rliecinieties, ka bi\u013ce\u0161u summa ir 0,00 \u20ac; spiediet APMAKS\u0100T; seansu bi\u013cetes sa\u0146emsiet uz savu nor\u0101d\u012bto e-pasta adresi. Iesak\u0101m izv\u0113l\u0113ties seansus p\u0113c iesp\u0113jas laic\u012bg\u0101k, lai nenon\u0101ktu situ\u0101cij\u0101, kad visas bi\u013cetes uz seansu jau ir p\u0101rdotas. ABONEMENTA nozaud\u0113\u0161anas gad\u012bjum\u0101 l\u016bdzam v\u0113rsties www.bilesuserviss.lv vai Riga IFF INFO centr\u0101. Info centra darba laiks darbadien\u0101s 12:00 &#8211; 22:00, br\u012bvdien\u0101s 10:00 &#8211; 22:00. Ja ir jaut\u0101jumi, sazin\u0101ties ar admissions@rigaiff.lv<\/p>\n","protected":false},"author":1,"featured_media":0,"parent":0,"menu_order":0,"comment_status":"closed","ping_status":"closed","template":"kartlietnot.php","meta":{"footnotes":""},"_links":{"self":[{"href":"https:\/\/2016.rigaiff.lv\/lv\/wp-json\/wp\/v2\/pages\/5370"}],"collection":[{"href":"https:\/\/2016.rigaiff.lv\/lv\/wp-json\/wp\/v2\/pages"}],"about":[{"href":"https:\/\/2016.rigaiff.lv\/lv\/wp-json\/wp\/v2\/types\/page"}],"author":[{"embeddable":true,"href":"https:\/\/2016.rigaiff.lv\/lv\/wp-json\/wp\/v2\/users\/1"}],"replies":[{"embeddable":true,"href":"https:\/\/2016.rigaiff.lv\/lv\/wp-json\/wp\/v2\/comments?post=5370"}],"version-history":[{"count":9,"href":"https:\/\/2016.rigaiff.lv\/lv\/wp-json\/wp\/v2\/pages\/5370\/revisions"}],"predecessor-version":[{"id":9019,"href":"https:\/\/2016.rigaiff.lv\/lv\/wp-json\/wp\/v2\/pages\/5370\/revisions\/9019"}],"wp:attachment":[{"href":"https:\/\/2016.rigaiff.lv\/lv\/wp-json\/wp\/v2\/media?parent=5370"}],"curies":[{"name":"wp","href":"https:\/\/api.w.org\/{rel}","templated":true}]}}